{"id":16,"date":"2023-08-21T17:31:31","date_gmt":"2023-08-21T17:31:31","guid":{"rendered":"https:\/\/wesoleskrzaty-nowysacz.com\/index.php\/collections\/"},"modified":"2025-02-02T12:51:15","modified_gmt":"2025-02-02T12:51:15","slug":"collections","status":"publish","type":"page","link":"https:\/\/wesoleskrzaty-nowysacz.com\/index.php\/collections\/","title":{"rendered":"Oferta"},"content":{"rendered":"\t\t<div data-elementor-type=\"wp-page\" data-elementor-id=\"16\" class=\"elementor elementor-16\" data-elementor-post-type=\"page\">\n\t\t\t\t\t\t<section class=\"elementor-section elementor-top-section elementor-element elementor-element-29a41d2d elementor-section-boxed elementor-section-height-default elementor-section-height-default\" data-id=\"29a41d2d\" data-element_type=\"section\">\n\t\t\t\t\t\t<div class=\"elementor-container elementor-column-gap-default\">\n\t\t\t\t\t<div class=\"elementor-column elementor-col-100 elementor-top-column elementor-element elementor-element-30dea922\" data-id=\"30dea922\" data-element_type=\"column\">\n\t\t\t<div class=\"elementor-widget-wrap elementor-element-populated\">\n\t\t\t\t\t\t<div class=\"elementor-element elementor-element-619d97d5 elementor-widget elementor-widget-text-editor\" data-id=\"619d97d5\" data-element_type=\"widget\" data-widget_type=\"text-editor.default\">\n\t\t\t\t<div class=\"elementor-widget-container\">\n\t\t\t\t\t\t\t\t\t<p><\/p>\n<div class=\"is-layout-constrained wp-block-group-is-layout-constrained\">\n<p><\/p>\n<p><span style=\"color: #000000;\">\u2022 \u201eWeso\u0142e Skrzaty\u201d to miejsce, w kt\u00f3rym zesp\u00f3\u0142 do\u015bwiadczonych, kompetentnych, wykwalifikowanych i zaanga\u017cowanych pedagog\u00f3w codziennie czuwa nad opiek\u0105 i zapewnianiem dzieciom warunk\u00f3w odpowiadaj\u0105cych ich indywidualnym potrzebom rozwojowym i edukacyjnym w atmosferze rodzinnego ciep\u0142a.<\/span><br><span style=\"color: #000000;\">\u2022 \u201eWeso\u0142e Skrzaty\u201d to przedszkole, w kt\u00f3rym dzieci\u0144stwo jest czasem radosnego poznawania \u015bwiata, nauka wydaje si\u0119 zabaw\u0105, a zabawa jest przyjemno\u015bci\u0105.<\/span><br><span style=\"color: #000000;\">\u2022 W naszym przedszkolu troszczymy si\u0119, o to by ka\u017cde dziecko czu\u0142o si\u0119 wa\u017cne, docenione i akceptowane. Wspomagamy dzieci w tworzeniu wewn\u0119trznego poczucia w\u0142asnej warto\u015bci oraz wiary w swoje umiej\u0119tno\u015bci, tak by mog\u0142y z pewno\u015bci\u0105 kroczy\u0107 w \u017cyciu codziennym oraz stawia\u0107 czo\u0142a wyzwaniom na kolejnych szczeblach edukacyjnych.<\/span><br><span style=\"color: #000000;\">\u2022 Nasze Przedszkole \u2013 \u201eWeso\u0142e Skrzaty\u201d to przytulny dom z ogromnym, zielonym i niezwyk\u0142ym o ka\u017cdej porze roku ogrodem, pe\u0142nym przyg\u00f3d i wyzwa\u0144. Sale w naszym przedszkolu oraz jego otoczenie tworz\u0105 atrakcyjne \u015brodowisko, kt\u00f3re stymuluje inicjatyw\u0119 dzieci, a tak\u017ce umo\u017cliwia zaspokajanie potrzeby aktywnego poznawania \u015bwiata.<\/span><br><span style=\"color: #000000;\">\u2022 Zapewniamy opiek\u0119 dzieciom w wieku od 2,5 do 6 lat &#8211; zer\u00f3wki<\/span><br><span style=\"color: #000000;\">\u2022 Realizujemy obowi\u0105zek przedszkolny zgodnie z Podstaw\u0105 Programow\u0105<\/span><br><span style=\"color: #000000;\">\u2022 Czas zabaw i przebywania dziecka w przedszkolu: <\/span><br><span style=\"color: #000000;\">&nbsp; &nbsp; &nbsp; &nbsp;o 11 miesi\u0119cy \u2013 od wrze\u015bnia do lipca<\/span><br><span style=\"color: #000000;\">&nbsp; &nbsp; &nbsp; &nbsp;o od poniedzia\u0142ku do pi\u0105tku, od godziny 06:15 do godziny 16:45<\/span><br><span style=\"color: #000000;\">\u2022 Czesne:&nbsp; 350z\u0142.<\/span><br><span style=\"color: #000000;\">\u2022 Stawka \u017cywieniowa dziennie<\/span><span style=\"color: #000000;\">: 12z\u0142.<\/span><br><span style=\"color: #000000;\">\u2022 Zapewniamy:<\/span><br><span style=\"color: #000000;\">5 posi\u0142k\u00f3w dziennie z w\u0142asnej kuchni: \u015bniadanie, przek\u0105ski owocowo \u2013 warzywne, obiad: I danie, II danie; deser, podwieczorek (dla dzieci oczekuj\u0105cych d\u0142u\u017cej na rodzic\u00f3w)<\/span><br><span style=\"color: #000000;\">\u2022 Zaj\u0119cia wynikaj\u0105ce z Podstawy programowej<\/span><br><span style=\"color: #000000;\">\u2022 Wycieczki bli\u017csze i dalsze<\/span><br><span style=\"color: #000000;\">\u2022 Zaj\u0119cia dodatkowe wliczone w czesne: <\/span><br><span style=\"color: #000000;\">&nbsp; &nbsp; &nbsp; &nbsp;o zabawy w j\u0119zyku angielskim (obowi\u0105zkowy)<\/span><br><span style=\"color: #000000;\">&nbsp; &nbsp; &nbsp; &nbsp;o zaj\u0119cia logopedyczne<\/span><br><span style=\"color: #000000;\">&nbsp; &nbsp; &nbsp; &nbsp;o pomoc psychologa<\/span><br><span style=\"color: #000000;\">&nbsp; &nbsp; &nbsp; &nbsp;o zaj\u0119cia gimnastyki korekcyjnej<\/span><br><span style=\"color: #000000;\">&nbsp; &nbsp; &nbsp; &nbsp;o \u0107wiczenia usprawniaj\u0105ce i zabawy ruchowe z trenerem<\/span><br><span style=\"color: #000000;\">&nbsp; &nbsp; &nbsp; &nbsp;o rozszerzony blok zaj\u0119\u0107 plastycznych<\/span><br><span style=\"color: #000000;\">&nbsp; &nbsp; &nbsp; &nbsp;o katecheza<\/span><br><span style=\"color: #000000;\">&nbsp; &nbsp; &nbsp; &nbsp;o wybrane teatrzyki, kino, koncerty, pokazy<\/span><br><span style=\"color: #000000;\">\u2022 Zaj\u0119cia dodatkowe nie wliczone w czesne: <\/span><br><span style=\"color: #000000;\">&nbsp; &nbsp; &nbsp; &nbsp;o nauka j\u0119zyka angielskiego (dodatkowa)<\/span><br><span style=\"color: #000000;\">&nbsp; &nbsp; &nbsp; &nbsp;o zaj\u0119cia rytmiczne<\/span><br><span style=\"color: #000000;\">&nbsp; &nbsp; &nbsp; &nbsp;o zaj\u0119cia z nauki ta\u0144ca towarzyskiego<\/span><br><span style=\"color: #000000;\">&nbsp; &nbsp; &nbsp; &nbsp;o robotyka<\/span><br><span style=\"color: #000000;\">&nbsp; &nbsp; &nbsp; &nbsp;o \u201ePrzedszkoliada\u201d \u2013 rozrywka ruchowa<\/span><br><span style=\"color: #000000;\">&nbsp; &nbsp; &nbsp; &nbsp;o wybrane teatrzyki, kino, koncerty, pokazy, warsztaty<\/span><\/p>\n<p><\/p>\n<\/div>\n<p><\/p>\t\t\t\t\t\t\t\t<\/div>\n\t\t\t\t<\/div>\n\t\t\t\t\t<\/div>\n\t\t<\/div>\n\t\t\t\t\t<\/div>\n\t\t<\/section>\n\t\t\t\t<\/div>\n\t\t","protected":false},"excerpt":{"rendered":"<p>\u2022 \u201eWeso\u0142e Skrzaty\u201d to miejsce, w kt\u00f3rym zesp\u00f3\u0142 do\u015bwiadczonych, kompetentnych, wykwalifikowanych i zaanga\u017cowanych pedagog\u00f3w codziennie czuwa nad opiek\u0105 i zapewnianiem dzieciom warunk\u00f3w odpowiadaj\u0105cych ich indywidualnym potrzebom rozwojowym i edukacyjnym w atmosferze rodzinnego ciep\u0142a.\u2022 \u201eWeso\u0142e Skrzaty\u201d to przedszkole, w kt\u00f3rym dzieci\u0144stwo jest czasem radosnego poznawania \u015bwiata, nauka wydaje si\u0119 zabaw\u0105, a zabawa jest przyjemno\u015bci\u0105.\u2022 W naszym [&hellip;]<\/p>\n","protected":false},"author":1,"featured_media":0,"parent":0,"menu_order":0,"comment_status":"closed","ping_status":"closed","template":"","meta":{"footnotes":""},"class_list":["post-16","page","type-page","status-publish","hentry"],"_links":{"self":[{"href":"https:\/\/wesoleskrzaty-nowysacz.com\/index.php\/wp-json\/wp\/v2\/pages\/16","targetHints":{"allow":["GET"]}}],"collection":[{"href":"https:\/\/wesoleskrzaty-nowysacz.com\/index.php\/wp-json\/wp\/v2\/pages"}],"about":[{"href":"https:\/\/wesoleskrzaty-nowysacz.com\/index.php\/wp-json\/wp\/v2\/types\/page"}],"author":[{"embeddable":true,"href":"https:\/\/wesoleskrzaty-nowysacz.com\/index.php\/wp-json\/wp\/v2\/users\/1"}],"replies":[{"embeddable":true,"href":"https:\/\/wesoleskrzaty-nowysacz.com\/index.php\/wp-json\/wp\/v2\/comments?post=16"}],"version-history":[{"count":35,"href":"https:\/\/wesoleskrzaty-nowysacz.com\/index.php\/wp-json\/wp\/v2\/pages\/16\/revisions"}],"predecessor-version":[{"id":1048,"href":"https:\/\/wesoleskrzaty-nowysacz.com\/index.php\/wp-json\/wp\/v2\/pages\/16\/revisions\/1048"}],"wp:attachment":[{"href":"https:\/\/wesoleskrzaty-nowysacz.com\/index.php\/wp-json\/wp\/v2\/media?parent=16"}],"curies":[{"name":"wp","href":"https:\/\/api.w.org\/{rel}","templated":true}]}}