{"id":17,"date":"2023-08-21T17:31:31","date_gmt":"2023-08-21T17:31:31","guid":{"rendered":"https:\/\/wesoleskrzaty-nowysacz.com\/index.php\/our-story\/"},"modified":"2023-10-04T14:59:33","modified_gmt":"2023-10-04T14:59:33","slug":"our-story","status":"publish","type":"page","link":"https:\/\/wesoleskrzaty-nowysacz.com\/index.php\/our-story\/","title":{"rendered":"Nasze Przedszkole"},"content":{"rendered":"\n<blockquote class=\"wp-block-quote is-style-plain is-layout-flow wp-block-quote-is-layout-flow\">\n<figure class=\"wp-block-pullquote\"><blockquote><p>Niepubliczne Przedszkole \u201eWeso\u0142e Skrzaty\u201d w Nowym S\u0105czu powsta\u0142o w 1995 roku na bazie zlikwidowanego Miejskiego Przedszkola Nr 9. (fot: w lewym g\u00f3rnym rogu- budowa nowego przedszkola \u2013 pocz. lat 70).<br>Przedszkole posiada atrakcyjn\u0105 lokalizacj\u0119: mie\u015bci si\u0119 przy ulicy Genera\u0142a Grota Roweckiego 11, znajduje si\u0119 w centrum jednego z osiedli (Przydworcowe), z dala od g\u0142\u00f3wnych ulic, co zapewnia spok\u00f3j naszym dzieciom.<br>Przedszkole jest budynkiem wolnostoj\u0105cym jednopi\u0119trowym, wybudowanym z pierwotnym przeznaczeniem na plac\u00f3wk\u0119 o\u015bwiatow\u0105 dostosowan\u0105 dla dzieci. Posiada du\u017cy ogr\u00f3d, w kt\u00f3rym ro\u015bnie wiele drzew i krzew\u00f3w przeplatanych alejkami. Ka\u017cde dziecko mo\u017ce tu dla siebie znale\u017a\u0107 w\u0142a\u015bciwe miejsce wed\u0142ug swojej potrzeby aktywno\u015bci. Ogr\u00f3d wyposa\u017cony jest w r\u00f3\u017cnorodny sprz\u0119t do zabaw ruchowych, m.in. zje\u017cd\u017calnie, piaskownice, drabinki, nowoczesne hu\u015btawki i bujaki, urz\u0105dzenia do wspinaczki. Szczeg\u00f3ln\u0105 atrakcj\u0105 dla dzieci jest niewielka g\u00f3rka znajduj\u0105ca si\u0119 w ogrodzie \u2013 wspania\u0142e miejsce do wybiegania si\u0119 latem lub zje\u017cd\u017cania na sankach czy jab\u0142uszkach w zimie. Nie brak te\u017c wolnej przestrzeni \u2013 du\u017cego trawnika, miejsca na granie w pi\u0142k\u0119 lub leniuchowanie, czy te\u017c piknikowanie na kocykach.<br><img fetchpriority=\"high\" decoding=\"async\" width=\"1000\" height=\"666\" class=\"wp-image-161\" style=\"width: 1000px;\" src=\"http:\/\/wesoleskrzaty-nowysacz.com\/wp-content\/uploads\/2023\/08\/DSC05515-scaled.jpg\" alt=\"\" srcset=\"https:\/\/wesoleskrzaty-nowysacz.com\/wp-content\/uploads\/2023\/08\/DSC05515-scaled.jpg 2560w, https:\/\/wesoleskrzaty-nowysacz.com\/wp-content\/uploads\/2023\/08\/DSC05515-300x200.jpg 300w, https:\/\/wesoleskrzaty-nowysacz.com\/wp-content\/uploads\/2023\/08\/DSC05515-1024x682.jpg 1024w, https:\/\/wesoleskrzaty-nowysacz.com\/wp-content\/uploads\/2023\/08\/DSC05515-768x511.jpg 768w, https:\/\/wesoleskrzaty-nowysacz.com\/wp-content\/uploads\/2023\/08\/DSC05515-1536x1022.jpg 1536w, https:\/\/wesoleskrzaty-nowysacz.com\/wp-content\/uploads\/2023\/08\/DSC05515-2048x1363.jpg 2048w\" sizes=\"(max-width: 1000px) 100vw, 1000px\" \/><br>W budynku znajduj\u0105 si\u0119:<br><strong>Na parterze \u2013  du\u017ca szatnia, 2 sale zaj\u0119\u0107 i zabaw dla Maluszk\u00f3w i Krasnalk\u00f3w, sala zaj\u0119\u0107 dodatkowych (w kt\u00f3rej odbywaj\u0105 si\u0119 m.in zaj\u0119cia logopedyczne, konsultacje i porady psychologa, zaj\u0119cia j. angielskiego).<\/strong><br>W szatni ka\u017cde dziecko ma swoj\u0105 p\u00f3\u0142k\u0119, wieszak i miejsce na obuwie oznaczone konkretnym symbolem graficznym.<br><strong>Na pierwszym pi\u0119trze \u2013 3 sale zaj\u0119\u0107 i zabaw dla \u015aredniak\u00f3w, Zuch\u00f3w i Starszak\u00f3w, pomieszczenia administracyjne i sanitarne, kuchnia z zapleczem.<\/strong><br>Budynek i pomieszczenia plac\u00f3wki stwarzaj\u0105 warunki aktywno\u015bci, zabawy i wypoczynku dzieci. Sale dydaktyczne s\u0105 przestronne, funkcjonalne i bezpieczne; wyposa\u017cone w nowoczesne meble posiadaj\u0105ce atest oraz materia\u0142y i zabawki sprzyjaj\u0105ce aktywnej zabawie i uczeniu si\u0119 dzieci. Kolorowe krzese\u0142ka i stoliki s\u0105 dostosowane wielko\u015bci\u0105 do potrzeb rozwojowych dzieci. Du\u017ca przestrze\u0144 pomieszcze\u0144 i wy\u0142o\u017cone w nich wyk\u0142adziny pozwalaj\u0105 na swobodne zabawy. Dzi\u0119ki mo\u017cliwo\u015bci \u0142\u0105czenia dw\u00f3ch sal na pi\u0119trze, uzyskujemy du\u017c\u0105 przestrze\u0144 tworz\u0105c tym samym sal\u0119 widowiskow\u0105 na specjalne uroczysto\u015bci. Sale posiadaj\u0105 przestrzenne \u0142azienki, w kt\u00f3rych ka\u017cde dziecko ma mo\u017cliwo\u015b\u0107 zachowania intymno\u015bci w korzystaniu z toalety.<br>Wyposa\u017cenie kuchni spe\u0142nia wszystkie normy zgodnie z wymaganiami UE, co sprzyja przygotowywaniu w\u0142asnych, zdrowych i smacznych posi\u0142k\u00f3w dostosowanych do \u017cywienia dzieci w\u00a0 wieku przedszkolnym.<br><strong>Dba\u0142o\u015b\u0107 o ka\u017cdy szczeg\u00f3\u0142 wyposa\u017cenia i otoczenia plac\u00f3wki, wykonywane na bie\u017c\u0105co remonty oraz spe\u0142nianie wszelkich wymog\u00f3w BHP, przyczynia si\u0119 do bezpiecznego, radosnego i w pe\u0142ni edukacyjnego pobytu dziecka w przedszkolu.<\/strong><\/p><\/blockquote><\/figure>\n<\/blockquote>\n\n\n\n<hr class=\"wp-block-separator has-alpha-channel-opacity\"\/>\n","protected":false},"excerpt":{"rendered":"<p>Niepubliczne Przedszkole \u201eWeso\u0142e Skrzaty\u201d w Nowym S\u0105czu powsta\u0142o w 1995 roku na bazie zlikwidowanego Miejskiego Przedszkola Nr 9. (fot: w lewym g\u00f3rnym rogu- budowa nowego przedszkola \u2013 pocz. lat 70).Przedszkole posiada atrakcyjn\u0105 lokalizacj\u0119: mie\u015bci si\u0119 przy ulicy Genera\u0142a Grota Roweckiego 11, znajduje si\u0119 w centrum jednego z osiedli (Przydworcowe), z dala od g\u0142\u00f3wnych ulic, co [&hellip;]<\/p>\n","protected":false},"author":1,"featured_media":0,"parent":0,"menu_order":0,"comment_status":"closed","ping_status":"closed","template":"page-template\/our-story.php","meta":{"footnotes":""},"class_list":["post-17","page","type-page","status-publish","hentry"],"_links":{"self":[{"href":"https:\/\/wesoleskrzaty-nowysacz.com\/index.php\/wp-json\/wp\/v2\/pages\/17","targetHints":{"allow":["GET"]}}],"collection":[{"href":"https:\/\/wesoleskrzaty-nowysacz.com\/index.php\/wp-json\/wp\/v2\/pages"}],"about":[{"href":"https:\/\/wesoleskrzaty-nowysacz.com\/index.php\/wp-json\/wp\/v2\/types\/page"}],"author":[{"embeddable":true,"href":"https:\/\/wesoleskrzaty-nowysacz.com\/index.php\/wp-json\/wp\/v2\/users\/1"}],"replies":[{"embeddable":true,"href":"https:\/\/wesoleskrzaty-nowysacz.com\/index.php\/wp-json\/wp\/v2\/comments?post=17"}],"version-history":[{"count":15,"href":"https:\/\/wesoleskrzaty-nowysacz.com\/index.php\/wp-json\/wp\/v2\/pages\/17\/revisions"}],"predecessor-version":[{"id":990,"href":"https:\/\/wesoleskrzaty-nowysacz.com\/index.php\/wp-json\/wp\/v2\/pages\/17\/revisions\/990"}],"wp:attachment":[{"href":"https:\/\/wesoleskrzaty-nowysacz.com\/index.php\/wp-json\/wp\/v2\/media?parent=17"}],"curies":[{"name":"wp","href":"https:\/\/api.w.org\/{rel}","templated":true}]}}