{"id":219,"date":"2023-08-24T17:43:41","date_gmt":"2023-08-24T17:43:41","guid":{"rendered":"https:\/\/wesoleskrzaty-nowysacz.com\/?page_id=219"},"modified":"2024-09-04T05:55:51","modified_gmt":"2024-09-04T05:55:51","slug":"rekrutacja","status":"publish","type":"page","link":"https:\/\/wesoleskrzaty-nowysacz.com\/index.php\/rekrutacja\/","title":{"rendered":"Rekrutacja"},"content":{"rendered":"\t\t<div data-elementor-type=\"wp-page\" data-elementor-id=\"219\" class=\"elementor elementor-219\" data-elementor-post-type=\"page\">\n\t\t\t\t\t\t<section class=\"elementor-section elementor-top-section elementor-element elementor-element-60c9a31d elementor-section-boxed elementor-section-height-default elementor-section-height-default\" data-id=\"60c9a31d\" data-element_type=\"section\">\n\t\t\t\t\t\t<div class=\"elementor-container elementor-column-gap-default\">\n\t\t\t\t\t<div class=\"elementor-column elementor-col-100 elementor-top-column elementor-element elementor-element-312d8285\" data-id=\"312d8285\" data-element_type=\"column\">\n\t\t\t<div class=\"elementor-widget-wrap elementor-element-populated\">\n\t\t\t\t\t\t<div class=\"elementor-element elementor-element-8100010 elementor-widget elementor-widget-text-editor\" data-id=\"8100010\" data-element_type=\"widget\" data-widget_type=\"text-editor.default\">\n\t\t\t\t<div class=\"elementor-widget-container\">\n\t\t\t\t\t\t\t\t\t<p><\/p>\n<p style=\"text-align: center;\"><span style=\"color: #000000;\"><strong>Zapraszamy do zapoznania si\u0119 z og\u00f3lnymi zasadami rekrutacji<\/strong><\/span><\/p>\n<ul>\n<li><span style=\"color: #000000;\">Rekrutacji do przedszkola dokonuje osoba prowadz\u0105ca przedszkole w miesi\u0105cu <strong>lutym<\/strong> ka\u017cdego roku:<\/span><\/li>\n<\/ul>\n<p><span style=\"color: #000000;\">w okresie <strong>od 1 lutego do 28 lutego <\/strong>wydawana i przyjmowana jest <strong>\u201eKarta zg\u0142osze\u0144 dziecka do przedszkola na dany rok szkolny\u201d<\/strong><\/span><\/p>\n<p><span style=\"color: #000000;\">oraz&nbsp; w ci\u0105gu ca\u0142ego roku szkolnego odpowiednio do potrzeb rodzic\u00f3w i posiadanych wolnych miejsc. <strong>Termin wydawania kart w lutym mo\u017ce si\u0119 nieznacznie r\u00f3\u017cni\u0107 w zale\u017cno\u015bci od uk\u0142adu weekend\u00f3w \u2013 nale\u017cy \u015bledzi\u0107 aktualno\u015bci na stronie g\u0142\u00f3wnej.<\/strong><\/span><\/p>\n<ul>\n<li><span style=\"color: #000000;\">Przedszkole przeprowadza rekrutacj\u0119 dzieci wed\u0142ug kolejno\u015bci sk\u0142adanych przez rodzic\u00f3w zg\u0142osze\u0144.<\/span><\/li>\n<li><span style=\"color: #000000;\">Zawarto\u015b\u0107 karty zg\u0142oszenia dziecka do przedszkola wype\u0142niaj\u0105 rodzice, a tre\u015b\u0107 jej okre\u015bla osoba prowadz\u0105ca przedszkole przestrzegaj\u0105c przepis\u00f3w ustawy o ochronie danych osobowych.<\/span><\/li>\n<li><span style=\"color: #000000;\">W karcie zg\u0142oszenia dziecka niezb\u0119dne s\u0105 informacje umo\u017cliwiaj\u0105ce kontaktowanie si\u0119 przedszkola z rodzicami w sprawach dotycz\u0105cych dziecka oraz okre\u015blenie zobowi\u0105za\u0144 rodzic\u00f3w wzgl\u0119dem przedszkola.<\/span><\/li>\n<li><span style=\"color: #000000;\">Do przedszkola przyjmowane s\u0105 dzieci w wieku od 3-6 lat, a w uzasadnionych przypadkach dzieci m\u0142odsze, lecz nie m\u0142odsze ni\u017c 2,5 l.<\/span><br><span style=\"color: #000000;\"> Przypadki uzasadnione, to:<\/span><\/li>\n<\/ul>\n<p><span style=\"color: #000000;\">1) rodze\u0144stwo ucz\u0119szczaj\u0105cego ju\u017c do przedszkola dziecka,<\/span><\/p>\n<p><span style=\"color: #000000;\">2) trudna sytuacja rodzinna,<\/span><\/p>\n<p><span style=\"color: #000000;\">3) sprawno\u015b\u0107, samodzielno\u015b\u0107 na poziomie niezb\u0119dnym do radzenia sobie<\/span><br><span style=\"color: #000000;\"> w czynno\u015bciach samoobs\u0142ugowych samodzielnie lub z niewielk\u0105 pomoc\u0105&nbsp; osoby doros\u0142ej oraz dojrza\u0142o\u015b\u0107 emocjonalna w stopniu pozwalaj\u0105cym dziecku oby\u0107 si\u0119 bez rodzic\u00f3w na czas pobytu w przedszkolu.<\/span><\/p>\n<ul>\n<li><span style=\"color: #000000;\">Warunkiem przyj\u0119cia do przedszkola dziecka m\u0142odszego ni\u017c 3 latek, jest odbycie 2-tygodniowego pobytu pr\u00f3bnego, traktowanego jako okres diagnostyczny i adaptacyjny.<\/span><\/li>\n<li><span style=\"color: #000000;\">Do przedszkola mog\u0105 by\u0107 przyjmowane dzieci wolniej rozwijaj\u0105ce si\u0119 i ze stwierdzonymi deficytami rozwojowymi po przed\u0142o\u017ceniu orzeczenia z poradni psychologiczno \u2013 pedagogicznej i stwierdzeniu mo\u017cliwo\u015b\u0107 przebywania dziecka w grupie r\u00f3wie\u015bniczej.<\/span><\/li>\n<\/ul>\n<p style=\"text-align: center;\"><span style=\"color: #000000;\"><strong>Potrzebujesz wi\u0119cej informacji? Zapraszamy do rozmowy:)<\/strong><\/span><\/p><p style=\"text-align: center;\"><b>Min\u0105\u0142 czas rekrutacji?? W ci\u0105gu roku szkolnego zapytaj o wolne miejsca:)<\/b><span style=\"color: #000000;\"><strong><br><\/strong><\/span><\/p>\n<p><\/p>\t\t\t\t\t\t\t\t<\/div>\n\t\t\t\t<\/div>\n\t\t\t\t\t<\/div>\n\t\t<\/div>\n\t\t\t\t\t<\/div>\n\t\t<\/section>\n\t\t\t\t<\/div>\n\t\t","protected":false},"excerpt":{"rendered":"<p>Zapraszamy do zapoznania si\u0119 z og\u00f3lnymi zasadami rekrutacji Rekrutacji do przedszkola dokonuje osoba prowadz\u0105ca przedszkole w miesi\u0105cu lutym ka\u017cdego roku: w okresie od 1 lutego do 28 lutego wydawana i przyjmowana jest \u201eKarta zg\u0142osze\u0144 dziecka do przedszkola na dany rok szkolny\u201d oraz&nbsp; w ci\u0105gu ca\u0142ego roku szkolnego odpowiednio do potrzeb rodzic\u00f3w i posiadanych wolnych miejsc. [&hellip;]<\/p>\n","protected":false},"author":1,"featured_media":0,"parent":0,"menu_order":0,"comment_status":"closed","ping_status":"closed","template":"elementor_theme","meta":{"footnotes":""},"class_list":["post-219","page","type-page","status-publish","hentry"],"_links":{"self":[{"href":"https:\/\/wesoleskrzaty-nowysacz.com\/index.php\/wp-json\/wp\/v2\/pages\/219","targetHints":{"allow":["GET"]}}],"collection":[{"href":"https:\/\/wesoleskrzaty-nowysacz.com\/index.php\/wp-json\/wp\/v2\/pages"}],"about":[{"href":"https:\/\/wesoleskrzaty-nowysacz.com\/index.php\/wp-json\/wp\/v2\/types\/page"}],"author":[{"embeddable":true,"href":"https:\/\/wesoleskrzaty-nowysacz.com\/index.php\/wp-json\/wp\/v2\/users\/1"}],"replies":[{"embeddable":true,"href":"https:\/\/wesoleskrzaty-nowysacz.com\/index.php\/wp-json\/wp\/v2\/comments?post=219"}],"version-history":[{"count":18,"href":"https:\/\/wesoleskrzaty-nowysacz.com\/index.php\/wp-json\/wp\/v2\/pages\/219\/revisions"}],"predecessor-version":[{"id":1039,"href":"https:\/\/wesoleskrzaty-nowysacz.com\/index.php\/wp-json\/wp\/v2\/pages\/219\/revisions\/1039"}],"wp:attachment":[{"href":"https:\/\/wesoleskrzaty-nowysacz.com\/index.php\/wp-json\/wp\/v2\/media?parent=219"}],"curies":[{"name":"wp","href":"https:\/\/api.w.org\/{rel}","templated":true}]}}