{"id":25,"date":"2023-08-21T17:31:31","date_gmt":"2023-08-21T17:31:31","guid":{"rendered":"https:\/\/wesoleskrzaty-nowysacz.com\/index.php\/hot-deals\/"},"modified":"2026-02-09T08:28:39","modified_gmt":"2026-02-09T08:28:39","slug":"hot-deals","status":"publish","type":"page","link":"https:\/\/wesoleskrzaty-nowysacz.com\/index.php\/hot-deals\/","title":{"rendered":"Kadra"},"content":{"rendered":"\n<figure class=\"wp-block-pullquote has-text-align-center\"><blockquote><p>Kadr\u0119 pedagogiczn\u0105 tworzy zesp\u00f3\u0142 nauczycieli i personelu niepedagogicznego przyjaznych dzieciom, dbaj\u0105cych zar\u00f3wno o rodzinn\u0105, ciep\u0142\u0105 atmosfer\u0119 jak i najlepsze wyniki nauczania. Og\u00f3\u0142 pracuj\u0105cych dba o wychowank\u00f3w oraz przygotowuj\u0119 ich do dalszej edukacji wczesnoszkolnej, wprowadza w \u015bwiat pe\u0142en sukces\u00f3w i rado\u015bci, wspomaga dzieci z trudno\u015bciami rozwojowymi, a tak\u017ce inspiruje i motywuje wychowank\u00f3w do poznawania \u015bwiata oraz odkrywania w\u0142asnych talent\u00f3w.<\/p><\/blockquote><\/figure>\n\n\n\n<figure class=\"wp-block-pullquote has-text-align-center\"><blockquote><p><strong>Rok Szkolny 2025\/26<\/strong><br><strong>\u00a0<\/strong><br><strong>Organ prowadz\u0105cy przedszkole:<\/strong> <strong>Stanis\u0142awa Grybel<\/strong><br><strong>DYREKTOR: mgr Aneta Grybel<\/strong><br><strong><strong>z-ca dyrektora:<\/strong><\/strong> <strong>mgr Lidia Klimczak<\/strong><br><strong>GRUPA I \u201eMALUSZKI\u201d<\/strong><br>Nauczyciele: Donata Salamon, mgr Aneta Grybel<br>Pomoc nauczyciela: Monika Janus<br><strong>GRUPA II \u201eKRASNALKI\u201d<\/strong><br>Nauczyciele:  mgr Lidia Klimczak, Barbara Hojnor,<br>Pomoc nauczyciela: Dorota \u017barnowska<br><strong>GRUPA III \u201e\u015aREDNIACZKI\u201d<\/strong><br>Nauczyciele: mgr Katarzyna Orczykowska, mgr\u00a0Katarzyna Szabla<br>Pomoc nauczyciela: Jadwiga Kogut<br><strong>GRUPA IV \u201eZUCHY\u201d<\/strong><br>Nauczyciele: Agata Bagnicka, Barbara Hojnor<br>Pomoc nauczyciela: Irena Saczka<br><strong>GRUPA V\u00a0 \u201eSTARSZAKI\u201d<\/strong><br>Nauczyciele: Janina Siedlarz,\u00a0mgr\u00a0Katarzyna Szabla<br>Pomoc nauczyciela: Anna Babik<br><br>Psycholog: mgr Ma\u0142gorzata Drzyzga<br>Logopeda: mgr Katarzyna Orczykowska<br>Katecheta: mgr Anna Koza<br>Nauczyciel rytmiki: mgr Barbara S\u0142awecka<br>Nauczyciel j. angielskiego (obowi\u0105zkowego): mgr\u00a0Katarzyna Szabla<br>Nauczyciel j. angielskiego (dodatkowego): mgr Maciej Ska\u0142ba<br>Trener \u0107wicze\u0144 i zabaw ruchowych z elem. pi\u0142ki no\u017cnej: NEMO mgr Pawe\u0142 Caba\u0142a<br>Terapeuta wad postawy: mgr Adam Strzelec<br>Nauczyciel plastyki: mgr Aneta Grybel<br>Instruktor Ta\u0144ca Towarzyskiego \u2013 Wir Dance: Daniel Gli\u0144ski<br>Robotyka \u2013 HAVE FUN: mgr Kamil Ambro\u017cy<br>Judo &#8211; Trener MINIJUDO<br>Trener rozrywki ruchowej \u201ePrzedszkoliada\u201d:<br>Intendent: Konsuela Tomczyk<br>ksi\u0119gowa: Dorota Michalik<br>Personel kuchenny: Renata Geniec, Kinga Skrzypiec, Konsuela Tomczyk<br>Personel techniczny: Andrzej Babik<br>Inspektor BHP: mgr Bogdan Jab\u0142o\u0144ski<\/p><\/blockquote><\/figure>\n","protected":false},"excerpt":{"rendered":"<p>Kadr\u0119 pedagogiczn\u0105 tworzy zesp\u00f3\u0142 nauczycieli i personelu niepedagogicznego przyjaznych dzieciom, dbaj\u0105cych zar\u00f3wno o rodzinn\u0105, ciep\u0142\u0105 atmosfer\u0119 jak i najlepsze wyniki nauczania. Og\u00f3\u0142 pracuj\u0105cych dba o wychowank\u00f3w oraz przygotowuj\u0119 ich do dalszej edukacji wczesnoszkolnej, wprowadza w \u015bwiat pe\u0142en sukces\u00f3w i rado\u015bci, wspomaga dzieci z trudno\u015bciami rozwojowymi, a tak\u017ce inspiruje i motywuje wychowank\u00f3w do poznawania \u015bwiata oraz [&hellip;]<\/p>\n","protected":false},"author":1,"featured_media":0,"parent":0,"menu_order":0,"comment_status":"closed","ping_status":"closed","template":"page-template\/hot-deals.php","meta":{"footnotes":""},"class_list":["post-25","page","type-page","status-publish","hentry"],"_links":{"self":[{"href":"https:\/\/wesoleskrzaty-nowysacz.com\/index.php\/wp-json\/wp\/v2\/pages\/25","targetHints":{"allow":["GET"]}}],"collection":[{"href":"https:\/\/wesoleskrzaty-nowysacz.com\/index.php\/wp-json\/wp\/v2\/pages"}],"about":[{"href":"https:\/\/wesoleskrzaty-nowysacz.com\/index.php\/wp-json\/wp\/v2\/types\/page"}],"author":[{"embeddable":true,"href":"https:\/\/wesoleskrzaty-nowysacz.com\/index.php\/wp-json\/wp\/v2\/users\/1"}],"replies":[{"embeddable":true,"href":"https:\/\/wesoleskrzaty-nowysacz.com\/index.php\/wp-json\/wp\/v2\/comments?post=25"}],"version-history":[{"count":10,"href":"https:\/\/wesoleskrzaty-nowysacz.com\/index.php\/wp-json\/wp\/v2\/pages\/25\/revisions"}],"predecessor-version":[{"id":1255,"href":"https:\/\/wesoleskrzaty-nowysacz.com\/index.php\/wp-json\/wp\/v2\/pages\/25\/revisions\/1255"}],"wp:attachment":[{"href":"https:\/\/wesoleskrzaty-nowysacz.com\/index.php\/wp-json\/wp\/v2\/media?parent=25"}],"curies":[{"name":"wp","href":"https:\/\/api.w.org\/{rel}","templated":true}]}}