{"id":332,"date":"2023-08-26T14:44:32","date_gmt":"2023-08-26T14:44:32","guid":{"rendered":"https:\/\/wesoleskrzaty-nowysacz.com\/?page_id=332"},"modified":"2025-09-14T14:49:51","modified_gmt":"2025-09-14T14:49:51","slug":"nasz-dzien","status":"publish","type":"page","link":"https:\/\/wesoleskrzaty-nowysacz.com\/index.php\/nasz-dzien\/","title":{"rendered":"Nasz Dzie\u0144"},"content":{"rendered":"\n<div class=\"wp-block-columns is-layout-flex wp-container-core-columns-is-layout-28f84493 wp-block-columns-is-layout-flex\">\n<div class=\"wp-block-column is-layout-flow wp-block-column-is-layout-flow\" style=\"flex-basis:100%\">\n<figure class=\"wp-block-table alignwide is-style-regular has-medium-font-size\"><table><thead><tr><th class=\"has-text-align-center\" data-align=\"center\"><\/th><th><strong>RAMOWY ROZK\u0141AD DNIA W PRZEDSZKOLU<\/strong><\/th><\/tr><\/thead><tbody><tr><td class=\"has-text-align-center\" data-align=\"center\">\n<p><span style=\"color: #000000;\"><strong>6.15 \u2013 8.30<\/strong><\/span><\/p>\n<p><span style=\"color: #000000;\">&nbsp;<\/span><\/p>\n<p><span style=\"color: #000000;\">&nbsp;<\/span><\/p>\n<p><span style=\"color: #000000;\">&nbsp;<\/span><\/p>\n<p><span style=\"color: #000000;\">&nbsp;<\/span><\/p>\n<\/td><td>\n<p><span style=\"color: #000000;\"><strong>Schodzenie si\u0119 dzieci.<\/strong><\/span><\/p>\n<p><span style=\"color: #000000;\"><strong>Zabawy w k\u0105cikach zainteresowa\u0144, wykonywanie zada\u0144 indywidualnych, pomoc w przygotowaniu do zaj\u0119\u0107, \u0107wiczenia poranne.<\/strong><\/span><\/p>\n<p><span style=\"color: #000000;\"><strong>Zabiegi porz\u0105dkowo \u2013 higieniczne, przygotowanie do \u015bniadania.<\/strong><\/span><\/p>\n<p><span style=\"color: #000000;\"><strong>&nbsp;<\/strong><\/span><\/p>\n<\/td><\/tr><tr><td class=\"has-text-align-center\" data-align=\"center\">\n<p><span style=\"color: #000000;\"><strong>8.15 \u2013 8.45<\/strong><\/span><\/p>\n<p><span style=\"color: #000000;\">&nbsp;<\/span><\/p>\n<\/td><td>\n<p><span style=\"color: #000000;\"><strong><u>\u015aniadanie<\/u><\/strong><\/span><\/p>\n<p><span style=\"color: #000000;\"><strong>&nbsp;<\/strong><\/span><\/p>\n<\/td><\/tr><tr><td class=\"has-text-align-center\" data-align=\"center\">\n<p><span style=\"color: #000000;\"><strong>8.45 \u2013 11.15<\/strong><\/span><\/p>\n<p><span style=\"color: #000000;\">&nbsp;<\/span><\/p>\n<p><span style=\"color: #000000;\">&nbsp;<\/span><\/p>\n<p><span style=\"color: #000000;\">&nbsp;<\/span><\/p>\n<\/td><td> <p><span style=\"color: #000000;\"><strong>Zabawy dowolne podejmowane z inicjatywy dzieci<\/strong><\/span><\/p> <p><span style=\"color: #000000;\"><strong>Dzia\u0142alno\u015b\u0107 edukacyjna w oparciu o podstaw\u0119 programow\u0105, zaj\u0119cia i zabawy edukacyjne, zaj\u0119cia umuzykalniaj\u0105ce<\/strong><\/span><\/p> <p><span style=\"color: #000000;\"><strong><u>Przek\u0105ski owocowo \u2013 warzywne<\/u><\/strong><\/span><\/p><br><strong>Zabawy ruchowe, gry sportowe oraz \u0107wiczenia kszta\u0142tuj\u0105ce postaw\u0119 dziecka, zabawy organizowane i swobodne na placu przedszkolnym, spacery wycieczki<\/strong><br><br><strong>Czynno\u015bci porz\u0105dkowo \u2013 higieniczne, przygotowanie do obiadu<\/strong> <\/td><\/tr><tr><td class=\"has-text-align-center\" data-align=\"center\">\n<p><span style=\"color: #000000;\"><strong>11.15 \u2013 11.30<\/strong><\/span><\/p>\n<p><span style=\"color: #000000;\">&nbsp;<\/span><\/p>\n<\/td><td>\n<p><span style=\"color: #000000;\"><strong><u>I danie obiadowe \u2013 zupa<\/u><\/strong><\/span><\/p>\n<p><span style=\"color: #000000;\"><strong>&nbsp;<\/strong><\/span><\/p>\n<\/td><\/tr><tr><td class=\"has-text-align-center\" data-align=\"center\">\n<p><span style=\"color: #000000;\"><strong>11.30 \u2013 13.15<\/strong><\/span><\/p>\n<p><span style=\"color: #000000;\">&nbsp;<\/span><\/p>\n<p><span style=\"color: #000000;\">&nbsp;<\/span><\/p>\n<p><span style=\"color: #000000;\">&nbsp;<\/span><\/p>\n<p><span style=\"color: #000000;\">&nbsp;<\/span><\/p>\n<\/td><td>\n<p><span style=\"color: #000000;\"><strong>Odpoczynek poobiedni \/ oddzia\u0142 I, II i III\/, \u0107wiczenia utrwalaj\u0105ce wiadomo\u015bci z zaj\u0119\u0107 edukacyjnych, zabawy podejmowane z inicjatywy dzieci, zabawy w k\u0105cikach zainteresowa\u0144, zabawy tematyczne, zabawy w ogrodzie przedszkolnym, spacery w terenie.<\/strong><\/span><\/p>\n<p><span style=\"color: #000000;\"><strong>Czynno\u015bci&nbsp; porz\u0105dkowo \u2013 higieniczne, przygotowanie do obiadu<\/strong><\/span><\/p>\n<p><span style=\"color: #000000;\"><strong>&nbsp;<\/strong><\/span><\/p>\n<\/td><\/tr><tr><td class=\"has-text-align-center\" data-align=\"center\">\n<p><span style=\"color: #000000;\"><strong>13.15 \u2013 13.45<\/strong><\/span><\/p>\n<p><span style=\"color: #000000;\">&nbsp;<\/span><\/p>\n<\/td><td>\n<p><span style=\"color: #000000;\"><strong><u>II danie obiadowe<\/u><\/strong><\/span><\/p>\n<p><span style=\"color: #000000;\"><strong>&nbsp;<\/strong><\/span><\/p>\n<\/td><\/tr><tr><td class=\"has-text-align-center\" data-align=\"center\">\n<p><span style=\"color: #000000;\"><strong>13.45 \u2013 14.15<\/strong><\/span><\/p>\n<p><span style=\"color: #000000;\">&nbsp;<\/span><\/p>\n<p><span style=\"color: #000000;\">&nbsp;<\/span><\/p>\n<\/td><td>\n<p><span style=\"color: #000000;\"><strong>Kwadrans na bajk\u0119, zabawy w k\u0105cikach zainteresowa\u0144, wykonywanie zada\u0144 indywidualnych<\/strong><\/span><\/p>\n<p><span style=\"color: #000000;\"><strong>&nbsp;<\/strong><\/span><\/p>\n<\/td><\/tr><tr><td class=\"has-text-align-center\" data-align=\"center\">\n<p><span style=\"color: #000000;\"><strong>14.15 \u2013 14.30<\/strong><\/span><\/p>\n<p><span style=\"color: #000000;\">&nbsp;<\/span><\/p>\n<\/td><td>\n<p><span style=\"color: #000000;\"><strong><u>Deser<\/u><\/strong><\/span><\/p>\n<p><span style=\"color: #000000;\"><strong>&nbsp;<\/strong><\/span><\/p>\n<\/td><\/tr><tr><td class=\"has-text-align-center\" data-align=\"center\"> <p><span style=\"color: #000000;\"><strong>14.30 \u2013 16:45<\/strong><strong><br> <strong>&nbsp;<\/strong><\/strong><\/span><\/p> <p><span style=\"color: #000000;\">&nbsp;<\/span><\/p> <p><span style=\"color: #000000;\">&nbsp;<\/span><\/p> <\/td><td>\n<p><span style=\"color: #000000;\"><strong>Kontynuacja dzia\u0142alno\u015bci edukacyjnej, zaj\u0119cia dodatkowe, zabawy i gry dydaktyczne, \u0107wiczenia gramatyczne, s\u0142ownikowe, praca wyr\u00f3wnawczo \u2013 indywidualna, zabawy dowolne wg zainteresowa\u0144, zaj\u0119cia w ma\u0142ych zespo\u0142ach, om\u00f3wienie z dzie\u0107mi wydarze\u0144 dnia, pobyt na \u015bwie\u017cym powietrzu \/ dodatkowy posi\u0142ek o godz. 15.30\/<\/strong><\/span><\/p>\n<p><span style=\"color: #000000;\"><strong>Powr\u00f3t do domu.<\/strong><\/span><\/p>\n<\/td><\/tr><\/tbody><\/table><\/figure>\n\n\n\n<div class=\"wp-block-group is-layout-constrained wp-block-group-is-layout-constrained\"><\/div>\n<\/div>\n<\/div>\n","protected":false},"excerpt":{"rendered":"<p>RAMOWY ROZK\u0141AD DNIA W PRZEDSZKOLU 6.15 \u2013 8.30 &nbsp; &nbsp; &nbsp; &nbsp; Schodzenie si\u0119 dzieci. Zabawy w k\u0105cikach zainteresowa\u0144, wykonywanie zada\u0144 indywidualnych, pomoc w przygotowaniu do zaj\u0119\u0107, \u0107wiczenia poranne. Zabiegi porz\u0105dkowo \u2013 higieniczne, przygotowanie do \u015bniadania. &nbsp; 8.15 \u2013 8.45 &nbsp; \u015aniadanie &nbsp; 8.45 \u2013 11.15 &nbsp; &nbsp; &nbsp; Zabawy dowolne podejmowane z inicjatywy dzieci [&hellip;]<\/p>\n","protected":false},"author":1,"featured_media":0,"parent":0,"menu_order":0,"comment_status":"closed","ping_status":"closed","template":"elementor_theme","meta":{"footnotes":""},"class_list":["post-332","page","type-page","status-publish","hentry"],"_links":{"self":[{"href":"https:\/\/wesoleskrzaty-nowysacz.com\/index.php\/wp-json\/wp\/v2\/pages\/332","targetHints":{"allow":["GET"]}}],"collection":[{"href":"https:\/\/wesoleskrzaty-nowysacz.com\/index.php\/wp-json\/wp\/v2\/pages"}],"about":[{"href":"https:\/\/wesoleskrzaty-nowysacz.com\/index.php\/wp-json\/wp\/v2\/types\/page"}],"author":[{"embeddable":true,"href":"https:\/\/wesoleskrzaty-nowysacz.com\/index.php\/wp-json\/wp\/v2\/users\/1"}],"replies":[{"embeddable":true,"href":"https:\/\/wesoleskrzaty-nowysacz.com\/index.php\/wp-json\/wp\/v2\/comments?post=332"}],"version-history":[{"count":16,"href":"https:\/\/wesoleskrzaty-nowysacz.com\/index.php\/wp-json\/wp\/v2\/pages\/332\/revisions"}],"predecessor-version":[{"id":1160,"href":"https:\/\/wesoleskrzaty-nowysacz.com\/index.php\/wp-json\/wp\/v2\/pages\/332\/revisions\/1160"}],"wp:attachment":[{"href":"https:\/\/wesoleskrzaty-nowysacz.com\/index.php\/wp-json\/wp\/v2\/media?parent=332"}],"curies":[{"name":"wp","href":"https:\/\/api.w.org\/{rel}","templated":true}]}}