{"id":901,"date":"2023-08-27T08:53:28","date_gmt":"2023-08-27T08:53:28","guid":{"rendered":"https:\/\/wesoleskrzaty-nowysacz.com\/?page_id=901"},"modified":"2025-09-14T15:05:43","modified_gmt":"2025-09-14T15:05:43","slug":"kontakt","status":"publish","type":"page","link":"https:\/\/wesoleskrzaty-nowysacz.com\/index.php\/kontakt\/","title":{"rendered":"Kontakt"},"content":{"rendered":"\t\t<div data-elementor-type=\"wp-page\" data-elementor-id=\"901\" class=\"elementor elementor-901\" data-elementor-post-type=\"page\">\n\t\t\t\t\t\t<section class=\"elementor-section elementor-top-section elementor-element elementor-element-35b93e59 elementor-section-boxed elementor-section-height-default elementor-section-height-default\" data-id=\"35b93e59\" data-element_type=\"section\">\n\t\t\t\t\t\t<div class=\"elementor-container elementor-column-gap-default\">\n\t\t\t\t\t<div class=\"elementor-column elementor-col-100 elementor-top-column elementor-element elementor-element-748981a\" data-id=\"748981a\" data-element_type=\"column\">\n\t\t\t<div class=\"elementor-widget-wrap elementor-element-populated\">\n\t\t\t\t\t\t<div class=\"elementor-element elementor-element-5d1f740c elementor-widget elementor-widget-text-editor\" data-id=\"5d1f740c\" data-element_type=\"widget\" data-widget_type=\"text-editor.default\">\n\t\t\t\t<div class=\"elementor-widget-container\">\n\t\t\t\t\t\t\t\t\t\n<p><strong><span style=\"color: #000000;\">Adres<\/span><\/strong><\/p>\n<p style=\"font-size: 11.0pt; font-family: 'Calibri',sans-serif; margin: 0cm 0cm 8.0pt 0cm;\"><span style=\"color: #000000;\">Przedszkole Niepubliczne<br \/>\u00a0\u201eWeso\u0142e Skrzaty\u201d<br \/>\u00a0Stanis\u0142awa Grybel<br \/>\u00a0Ul. Grota Roweckiego 11<br \/>\u00a033-300 Nowy S\u0105cz<\/span><\/p>\n<p style=\"font-size: 11.0pt; font-family: 'Calibri',sans-serif; margin: 0cm 0cm 8.0pt 0cm;\"><span style=\"color: #000000;\"><strong>Telefon<\/strong><\/span><\/p>\n<p style=\"font-size: 11.0pt; font-family: 'Calibri',sans-serif; margin: 0cm 0cm 8.0pt 0cm;\"><span style=\"color: #000000;\">18 44 21\u00a0856<br \/>\u00a0797 372 167<\/span><\/p>\n<p style=\"font-size: 11.0pt; font-family: 'Calibri',sans-serif; margin: 0cm 0cm 8.0pt 0cm;\"><span style=\"color: #000000;\">nr konta: 07 1240 4748 1111 0000 4874 2283<\/span><\/p>\n<p style=\"font-size: 11.0pt; font-family: 'Calibri',sans-serif; margin: 0cm 0cm 8.0pt 0cm;\"><span style=\"color: #000000;\">Bank PKO S.A.<\/span><\/p>\n<p style=\"font-size: 11.0pt; font-family: 'Calibri',sans-serif; margin: 0cm 0cm 8.0pt 0cm;\"><span style=\"color: #000000;\"><strong>Tytu\u0142em:<\/strong> \/imi\u0119 nazwisko dziecka, grupa, op\u0142acany miesi\u0105c np: ALICJA KOWALSKA GR. IV MARZEC\/<\/span><\/p>\n<p style=\"font-size: 11.0pt; font-family: 'Calibri',sans-serif; margin: 0cm 0cm 8.0pt 0cm;\"><span style=\"color: #000000;\"><strong>Email: sgrybel.npws@wp.pl<\/strong><\/span><\/p>\n<p style=\"font-size: 11.0pt; font-family: 'Calibri',sans-serif; margin: 0cm 0cm 8.0pt 0cm;\"><strong><span style=\"color: #000000;\">Mapa Dojazdu<\/span><\/strong><\/p>\n\n<p><iframe style=\"border: 0;\" src=\"https:\/\/www.google.com\/maps\/embed?pb=!1m18!1m12!1m3!1d3074.437881659831!2d20.70301010133912!3d49.611254209070424!2m3!1f0!2f0!3f0!3m2!1i1024!2i768!4f13.1!3m3!1m2!1s0x473de53a2f688717%3A0xd2a8072d1ba948c6!2sWeso%C5%82e%20Skrzaty.%20Przedszkole%20Niepubliczne!5e0!3m2!1spl!2spl!4v1693126469628!5m2!1spl!2spl\" width=\"800\" height=\"600\" allowfullscreen=\"allowfullscreen\"><\/iframe><\/p>\n\t\t\t\t\t\t\t\t<\/div>\n\t\t\t\t<\/div>\n\t\t\t\t\t<\/div>\n\t\t<\/div>\n\t\t\t\t\t<\/div>\n\t\t<\/section>\n\t\t\t\t<\/div>\n\t\t","protected":false},"excerpt":{"rendered":"<p>Adres Przedszkole Niepubliczne\u00a0\u201eWeso\u0142e Skrzaty\u201d\u00a0Stanis\u0142awa Grybel\u00a0Ul. Grota Roweckiego 11\u00a033-300 Nowy S\u0105cz Telefon 18 44 21\u00a0856\u00a0797 372 167 nr konta: 07 1240 4748 1111 0000 4874 2283 Bank PKO S.A. Tytu\u0142em: \/imi\u0119 nazwisko dziecka, grupa, op\u0142acany miesi\u0105c np: ALICJA KOWALSKA GR. IV MARZEC\/ Email: sgrybel.npws@wp.pl Mapa Dojazdu<\/p>\n","protected":false},"author":1,"featured_media":0,"parent":0,"menu_order":0,"comment_status":"closed","ping_status":"closed","template":"elementor_theme","meta":{"footnotes":""},"class_list":["post-901","page","type-page","status-publish","hentry"],"_links":{"self":[{"href":"https:\/\/wesoleskrzaty-nowysacz.com\/index.php\/wp-json\/wp\/v2\/pages\/901","targetHints":{"allow":["GET"]}}],"collection":[{"href":"https:\/\/wesoleskrzaty-nowysacz.com\/index.php\/wp-json\/wp\/v2\/pages"}],"about":[{"href":"https:\/\/wesoleskrzaty-nowysacz.com\/index.php\/wp-json\/wp\/v2\/types\/page"}],"author":[{"embeddable":true,"href":"https:\/\/wesoleskrzaty-nowysacz.com\/index.php\/wp-json\/wp\/v2\/users\/1"}],"replies":[{"embeddable":true,"href":"https:\/\/wesoleskrzaty-nowysacz.com\/index.php\/wp-json\/wp\/v2\/comments?post=901"}],"version-history":[{"count":5,"href":"https:\/\/wesoleskrzaty-nowysacz.com\/index.php\/wp-json\/wp\/v2\/pages\/901\/revisions"}],"predecessor-version":[{"id":1178,"href":"https:\/\/wesoleskrzaty-nowysacz.com\/index.php\/wp-json\/wp\/v2\/pages\/901\/revisions\/1178"}],"wp:attachment":[{"href":"https:\/\/wesoleskrzaty-nowysacz.com\/index.php\/wp-json\/wp\/v2\/media?parent=901"}],"curies":[{"name":"wp","href":"https:\/\/api.w.org\/{rel}","templated":true}]}}